{"id":2530,"date":"2022-03-15T15:23:51","date_gmt":"2022-03-15T14:23:51","guid":{"rendered":"https:\/\/www.golfdubelvedere.fr\/?page_id=2530"},"modified":"2026-03-31T18:29:37","modified_gmt":"2026-03-31T16:29:37","slug":"mentions-legales","status":"publish","type":"page","link":"https:\/\/www.golfdubelvedere.fr\/de\/golf-du-belvedere-annecy-saint-martin-bellevue-haute-savoie\/contact\/mentions-legales","title":{"rendered":"Rechtliche Hinweise"},"content":{"rendered":"<div data-elementor-type=\"wp-page\" data-elementor-id=\"2530\" class=\"elementor elementor-2530\" data-elementor-post-type=\"page\">\n\t\t\t\t\t\t<section class=\"elementor-section elementor-top-section elementor-element elementor-element-859e883 elementor-section-boxed elementor-section-height-default elementor-section-height-default\" data-id=\"859e883\" data-element_type=\"section\" data-e-type=\"section\" data-settings=\"{&quot;background_background&quot;:&quot;gradient&quot;}\">\n\t\t\t\t\t\t<div class=\"elementor-container elementor-column-gap-default\">\n\t\t\t\t\t<div class=\"elementor-column elementor-col-100 elementor-top-column elementor-element elementor-element-194ec54\" data-id=\"194ec54\" data-element_type=\"column\" data-e-type=\"column\">\n\t\t\t<div class=\"elementor-widget-wrap elementor-element-populated\">\n\t\t\t\t\t\t<div class=\"elementor-element elementor-element-9d77936 elementor-invisible elementor-widget elementor-widget-heading\" data-id=\"9d77936\" data-element_type=\"widget\" data-e-type=\"widget\" data-settings=\"{&quot;_animation&quot;:&quot;fadeInRight&quot;}\" data-widget_type=\"heading.default\">\n\t\t\t\t<div class=\"elementor-widget-container\">\n\t\t\t\t\t<h1 class=\"elementor-heading-title elementor-size-default\">Rechtliche Hinweise<\/h1>\t\t\t\t<\/div>\n\t\t\t\t<\/div>\n\t\t\t\t<div class=\"elementor-element elementor-element-7255c9c elementor-widget-divider--view-line elementor-invisible elementor-widget elementor-widget-divider\" data-id=\"7255c9c\" data-element_type=\"widget\" data-e-type=\"widget\" data-settings=\"{&quot;_animation&quot;:&quot;fadeInRight&quot;,&quot;_animation_delay&quot;:500}\" data-widget_type=\"divider.default\">\n\t\t\t\t<div class=\"elementor-widget-container\">\n\t\t\t\t\t\t\t<div class=\"elementor-divider\">\n\t\t\t<span class=\"elementor-divider-separator\">\n\t\t\t\t\t\t<\/span>\n\t\t<\/div>\n\t\t\t\t\t\t<\/div>\n\t\t\t\t<\/div>\n\t\t\t\t\t<\/div>\n\t\t<\/div>\n\t\t\t\t\t<\/div>\n\t\t<\/section>\n\t\t\t\t<section class=\"elementor-section elementor-top-section elementor-element elementor-element-f64ff59 elementor-section-boxed elementor-section-height-default elementor-section-height-default\" data-id=\"f64ff59\" data-element_type=\"section\" data-e-type=\"section\" data-settings=\"{&quot;background_background&quot;:&quot;classic&quot;}\">\n\t\t\t\t\t\t<div class=\"elementor-container elementor-column-gap-default\">\n\t\t\t\t\t<div class=\"elementor-column elementor-col-100 elementor-top-column elementor-element elementor-element-bb7ffe1\" data-id=\"bb7ffe1\" data-element_type=\"column\" data-e-type=\"column\" data-settings=\"{&quot;background_background&quot;:&quot;classic&quot;}\">\n\t\t\t<div class=\"elementor-widget-wrap elementor-element-populated\">\n\t\t\t\t\t\t<div class=\"elementor-element elementor-element-0d834df elementor-widget elementor-widget-image\" data-id=\"0d834df\" data-element_type=\"widget\" data-e-type=\"widget\" data-widget_type=\"image.default\">\n\t\t\t\t<div class=\"elementor-widget-container\">\n\t\t\t\t\t\t\t\t\t\t\t\t\t\t\t<img fetchpriority=\"high\" decoding=\"async\" width=\"1024\" height=\"768\" src=\"https:\/\/i0.wp.com\/www.golfdubelvedere.fr\/wp-content\/uploads\/2022\/05\/Golf-du-Belvedere-Vue-sur-le-green-du-trou-4-avec-golfeurs-2.jpeg?fit=1024%2C768&amp;ssl=1\" class=\"attachment-large size-large wp-image-4212\" alt=\"Golf du Belvedere - Vue sur le green du trou 4 avec golfeurs\" srcset=\"https:\/\/i0.wp.com\/www.golfdubelvedere.fr\/wp-content\/uploads\/2022\/05\/Golf-du-Belvedere-Vue-sur-le-green-du-trou-4-avec-golfeurs-2.jpeg?w=1858&amp;ssl=1 1858w, https:\/\/i0.wp.com\/www.golfdubelvedere.fr\/wp-content\/uploads\/2022\/05\/Golf-du-Belvedere-Vue-sur-le-green-du-trou-4-avec-golfeurs-2.jpeg?resize=300%2C225&amp;ssl=1 300w, https:\/\/i0.wp.com\/www.golfdubelvedere.fr\/wp-content\/uploads\/2022\/05\/Golf-du-Belvedere-Vue-sur-le-green-du-trou-4-avec-golfeurs-2.jpeg?resize=1024%2C768&amp;ssl=1 1024w, https:\/\/i0.wp.com\/www.golfdubelvedere.fr\/wp-content\/uploads\/2022\/05\/Golf-du-Belvedere-Vue-sur-le-green-du-trou-4-avec-golfeurs-2.jpeg?resize=768%2C576&amp;ssl=1 768w, https:\/\/i0.wp.com\/www.golfdubelvedere.fr\/wp-content\/uploads\/2022\/05\/Golf-du-Belvedere-Vue-sur-le-green-du-trou-4-avec-golfeurs-2.jpeg?resize=1536%2C1152&amp;ssl=1 1536w\" sizes=\"(max-width: 1024px) 100vw, 1024px\" \/>\t\t\t\t\t\t\t\t\t\t\t\t\t\t\t<\/div>\n\t\t\t\t<\/div>\n\t\t\t\t<div class=\"elementor-element elementor-element-24b4b11 elementor-widget elementor-widget-text-editor\" data-id=\"24b4b11\" data-element_type=\"widget\" data-e-type=\"widget\" data-widget_type=\"text-editor.default\">\n\t\t\t\t<div class=\"elementor-widget-container\">\n\t\t\t\t\t\t\t\t\t<p>Rechtliche Hinweise<br \/>En vigueur au 01\/03\/2022<\/p><p>Conform\u00e9ment aux dispositions des Articles 6-III et 19 de la Loi n\u00b02004-575 du 21 juin 2004 pour la Confiance dans l\u2019\u00e9conomie num\u00e9rique, dite L.C.E.N., il est port\u00e9 \u00e0 la connaissance des Utilisateurs du site https:\/\/www.golfdubelvedere.fr les pr\u00e9sentes mentions l\u00e9gales.<br \/>La connexion et la navigation sur le site GOLF DU BELVEDERE par l\u2019Utilisateur implique acceptation int\u00e9grale et sans r\u00e9serve des pr\u00e9sentes mentions l\u00e9gales.<br \/>Ces derni\u00e8res sont accessibles sur le site \u00e0 la rubrique \u00ab Mentions l\u00e9gales \u00bb.<\/p><p>ARTICLE 1 : L\u2019\u00e9diteur<br \/>L\u2019\u00e9dition du site https:\/\/www.golfdubelvedere.fr\u00a0est assur\u00e9e par Alain Classe, \u00e0 FR &#8211; 74350 Villy le Pelloux num\u00e9ro de t\u00e9l\u00e9phone +33771891607, adresse e-mail : alainclasse@gmail.com<br \/>Le Directeur de la publication est Alain Classe<\/p><p>ARTICLE 2 : L\u2019h\u00e9bergeur<br \/>L\u2019h\u00e9bergeur du site https:\/\/www.golfdubelvedere.fr\u00a0est la Soci\u00e9t\u00e9 1&amp;1 IONOS SARL, dont le si\u00e8ge social est situ\u00e9 au 7, place de la Gare, BP 70109, 57200 Sarreguemines C , avec le num\u00e9ro de t\u00e9l\u00e9phone : 0970 808 911.<\/p><p>ARTICLE 3 : Acc\u00e8s au site<br \/>Le site est accessible par tout endroit, 7j\/7, 24h\/24 sauf cas de force majeure, interruption programm\u00e9e ou non et pouvant d\u00e9coulant d\u2019une n\u00e9cessit\u00e9 de maintenance.<br \/>En cas de modification, interruption ou suspension des services le site https:\/\/www.golfdubelvedere.fr\u00a0ne saurait \u00eatre tenu responsable.<\/p><p>ARTICLE 4 : Collecte des donn\u00e9es<br \/>Le site est exempt\u00e9 de d\u00e9claration \u00e0 la Commission Nationale Informatique et Libert\u00e9s (CNIL) dans la mesure o\u00f9 il ne collecte aucune donn\u00e9e concernant les utilisateurs.<\/p><p>ARTICLE 5 : Cookies<br \/>L\u2019Utilisateur est inform\u00e9 que lors de ses visites sur le site, un cookie peut s\u2019installer automatiquement sur son logiciel de navigation. En naviguant sur le site, il les accepte.<\/p><p>Un cookie est un \u00e9l\u00e9ment qui ne permet pas d\u2019identifier l\u2019Utilisateur mais sert \u00e0 enregistrer des informations relatives \u00e0 la navigation de celui-ci sur le site Internet. L\u2019Utilisateur pourra d\u00e9sactiver ce cookie par l\u2019interm\u00e9diaire des param\u00e8tres figurant au sein de son logiciel de navigation.<\/p><p>ARTICLE 6 : Propri\u00e9t\u00e9 intellectuelle<br \/>Toute utilisation, reproduction, diffusion, commercialisation, modification de toute ou partie du site https:\/\/www.golfdubelvedere.fr, sans autorisation de l\u2019Editeur est prohib\u00e9e et pourra entra\u00een\u00e9e des actions et poursuites judiciaires telles que notamment pr\u00e9vues par le Code de la propri\u00e9t\u00e9 intellectuelle et le Code civil.<\/p><p>\u00a0<\/p>\t\t\t\t\t\t\t\t<\/div>\n\t\t\t\t<\/div>\n\t\t\t\t\t<\/div>\n\t\t<\/div>\n\t\t\t\t\t<\/div>\n\t\t<\/section>\n\t\t\t\t<section class=\"elementor-section elementor-top-section elementor-element elementor-element-3f0e2bf elementor-section-boxed elementor-section-height-default elementor-section-height-default\" data-id=\"3f0e2bf\" data-element_type=\"section\" data-e-type=\"section\" data-settings=\"{&quot;background_background&quot;:&quot;gradient&quot;}\">\n\t\t\t\t\t\t<div class=\"elementor-container elementor-column-gap-default\">\n\t\t\t\t\t<div class=\"elementor-column elementor-col-100 elementor-top-column elementor-element elementor-element-64e0f4a\" data-id=\"64e0f4a\" data-element_type=\"column\" data-e-type=\"column\">\n\t\t\t<div class=\"elementor-widget-wrap\">\n\t\t\t\t\t\t\t<\/div>\n\t\t<\/div>\n\t\t\t\t\t<\/div>\n\t\t<\/section>\n\t\t\t\t<\/div>","protected":false},"excerpt":{"rendered":"<p>Mentions l\u00e9gales Mentions l\u00e9gales En vigueur au 01\/03\/2022 Conform\u00e9ment aux dispositions des Articles 6-III et 19 de la Loi n\u00b02004-575 du 21 juin 2004 pour la Confiance dans l\u2019\u00e9conomie num\u00e9rique, dite L.C.E.N., il est port\u00e9 \u00e0 la connaissance des Utilisateurs du site https:\/\/www.golfdubelvedere.fr les pr\u00e9sentes mentions l\u00e9gales. La connexion et la navigation sur le site [&hellip;]<\/p>\n","protected":false},"author":5,"featured_media":0,"parent":14,"menu_order":20,"comment_status":"closed","ping_status":"closed","template":"elementor_header_footer","meta":{"footnotes":""},"class_list":["post-2530","page","type-page","status-publish","hentry"],"blocksy_meta":{"styles_descriptor":{"styles":{"desktop":"","tablet":"","mobile":""},"google_fonts":[],"version":6}},"yoast_head":"<!-- This site is optimized with the Yoast SEO plugin v27.4 - https:\/\/yoast.com\/product\/yoast-seo-wordpress\/ -->\n<title>Mentions l\u00e9gales - Golf du Belv\u00e9d\u00e8re Annecy | Golf Lac Annecy | Practice &amp; Golf 9 Trous en Haute Savoie<\/title>\n<meta name=\"robots\" content=\"noindex, nofollow\" \/>\n<meta property=\"og:locale\" content=\"de_DE\" \/>\n<meta property=\"og:type\" content=\"article\" \/>\n<meta property=\"og:title\" content=\"Mentions l\u00e9gales - Golf du Belv\u00e9d\u00e8re Annecy | Golf Lac Annecy | Practice &amp; Golf 9 Trous en Haute Savoie\" \/>\n<meta property=\"og:description\" content=\"Mentions l\u00e9gales Mentions l\u00e9gales En vigueur au 01\/03\/2022 Conform\u00e9ment aux dispositions des Articles 6-III et 19 de la Loi n\u00b02004-575 du 21 juin 2004 pour la Confiance dans l\u2019\u00e9conomie num\u00e9rique, dite L.C.E.N., il est port\u00e9 \u00e0 la connaissance des Utilisateurs du site https:\/\/www.golfdubelvedere.fr les pr\u00e9sentes mentions l\u00e9gales. La connexion et la navigation sur le site [&hellip;]\" \/>\n<meta property=\"og:url\" content=\"https:\/\/www.golfdubelvedere.fr\/de\/golf-du-belvedere-annecy-saint-martin-bellevue-haute-savoie\/contact\/mentions-legales\/\" \/>\n<meta property=\"og:site_name\" content=\"Golf du Belv\u00e9d\u00e8re Annecy | Golf Lac Annecy | Practice &amp; Golf 9 Trous en Haute Savoie\" \/>\n<meta property=\"article:modified_time\" content=\"2026-03-31T16:29:37+00:00\" \/>\n<meta property=\"og:image\" content=\"https:\/\/www.golfdubelvedere.fr\/wp-content\/uploads\/2022\/05\/Golf-du-Belvedere-Vue-sur-le-green-du-trou-4-avec-golfeurs-2-1024x768.jpeg\" \/>\n<meta name=\"twitter:card\" content=\"summary_large_image\" \/>\n<script type=\"application\/ld+json\" class=\"yoast-schema-graph\">{\"@context\":\"https:\\\/\\\/schema.org\",\"@graph\":[{\"@type\":\"TechArticle\",\"@id\":\"https:\\\/\\\/www.golfdubelvedere.fr\\\/golf-du-belvedere-annecy-saint-martin-bellevue-haute-savoie\\\/contact\\\/mentions-legales#article\",\"isPartOf\":{\"@id\":\"https:\\\/\\\/www.golfdubelvedere.fr\\\/golf-du-belvedere-annecy-saint-martin-bellevue-haute-savoie\\\/contact\\\/mentions-legales\"},\"author\":{\"name\":\"Alain\",\"@id\":\"https:\\\/\\\/www.golfdubelvedere.fr\\\/#\\\/schema\\\/person\\\/a48983d92b8315050c1f94f06d9d81fb\"},\"headline\":\"Mentions l\u00e9gales\",\"datePublished\":\"2022-03-15T14:23:51+00:00\",\"dateModified\":\"2026-03-31T16:29:37+00:00\",\"mainEntityOfPage\":{\"@id\":\"https:\\\/\\\/www.golfdubelvedere.fr\\\/golf-du-belvedere-annecy-saint-martin-bellevue-haute-savoie\\\/contact\\\/mentions-legales\"},\"wordCount\":412,\"publisher\":{\"@id\":\"https:\\\/\\\/www.golfdubelvedere.fr\\\/#organization\"},\"image\":{\"@id\":\"https:\\\/\\\/www.golfdubelvedere.fr\\\/golf-du-belvedere-annecy-saint-martin-bellevue-haute-savoie\\\/contact\\\/mentions-legales#primaryimage\"},\"thumbnailUrl\":\"https:\\\/\\\/www.golfdubelvedere.fr\\\/wp-content\\\/uploads\\\/2022\\\/05\\\/Golf-du-Belvedere-Vue-sur-le-green-du-trou-4-avec-golfeurs-2-1024x768.jpeg\",\"inLanguage\":\"de\"},{\"@type\":\"WebPage\",\"@id\":\"https:\\\/\\\/www.golfdubelvedere.fr\\\/golf-du-belvedere-annecy-saint-martin-bellevue-haute-savoie\\\/contact\\\/mentions-legales\",\"url\":\"https:\\\/\\\/www.golfdubelvedere.fr\\\/golf-du-belvedere-annecy-saint-martin-bellevue-haute-savoie\\\/contact\\\/mentions-legales\",\"name\":\"Mentions l\u00e9gales - Golf du Belv\u00e9d\u00e8re Annecy | Golf Lac Annecy | Practice &amp; Golf 9 Trous en Haute Savoie\",\"isPartOf\":{\"@id\":\"https:\\\/\\\/www.golfdubelvedere.fr\\\/#website\"},\"primaryImageOfPage\":{\"@id\":\"https:\\\/\\\/www.golfdubelvedere.fr\\\/golf-du-belvedere-annecy-saint-martin-bellevue-haute-savoie\\\/contact\\\/mentions-legales#primaryimage\"},\"image\":{\"@id\":\"https:\\\/\\\/www.golfdubelvedere.fr\\\/golf-du-belvedere-annecy-saint-martin-bellevue-haute-savoie\\\/contact\\\/mentions-legales#primaryimage\"},\"thumbnailUrl\":\"https:\\\/\\\/www.golfdubelvedere.fr\\\/wp-content\\\/uploads\\\/2022\\\/05\\\/Golf-du-Belvedere-Vue-sur-le-green-du-trou-4-avec-golfeurs-2-1024x768.jpeg\",\"datePublished\":\"2022-03-15T14:23:51+00:00\",\"dateModified\":\"2026-03-31T16:29:37+00:00\",\"breadcrumb\":{\"@id\":\"https:\\\/\\\/www.golfdubelvedere.fr\\\/golf-du-belvedere-annecy-saint-martin-bellevue-haute-savoie\\\/contact\\\/mentions-legales#breadcrumb\"},\"inLanguage\":\"de\",\"potentialAction\":[{\"@type\":\"ReadAction\",\"target\":[\"https:\\\/\\\/www.golfdubelvedere.fr\\\/golf-du-belvedere-annecy-saint-martin-bellevue-haute-savoie\\\/contact\\\/mentions-legales\"]}]},{\"@type\":\"ImageObject\",\"inLanguage\":\"de\",\"@id\":\"https:\\\/\\\/www.golfdubelvedere.fr\\\/golf-du-belvedere-annecy-saint-martin-bellevue-haute-savoie\\\/contact\\\/mentions-legales#primaryimage\",\"url\":\"https:\\\/\\\/www.golfdubelvedere.fr\\\/wp-content\\\/uploads\\\/2022\\\/05\\\/Golf-du-Belvedere-Vue-sur-le-green-du-trou-4-avec-golfeurs-2-1024x768.jpeg\",\"contentUrl\":\"https:\\\/\\\/www.golfdubelvedere.fr\\\/wp-content\\\/uploads\\\/2022\\\/05\\\/Golf-du-Belvedere-Vue-sur-le-green-du-trou-4-avec-golfeurs-2-1024x768.jpeg\"},{\"@type\":\"BreadcrumbList\",\"@id\":\"https:\\\/\\\/www.golfdubelvedere.fr\\\/golf-du-belvedere-annecy-saint-martin-bellevue-haute-savoie\\\/contact\\\/mentions-legales#breadcrumb\",\"itemListElement\":[{\"@type\":\"ListItem\",\"position\":1,\"name\":\"Accueil\",\"item\":\"https:\\\/\\\/www.golfdubelvedere.fr\\\/\"},{\"@type\":\"ListItem\",\"position\":2,\"name\":\"Golf du Belv\u00e9d\u00e8re Annecy\",\"item\":\"https:\\\/\\\/www.golfdubelvedere.fr\\\/\"},{\"@type\":\"ListItem\",\"position\":3,\"name\":\"Contact\",\"item\":\"https:\\\/\\\/www.golfdubelvedere.fr\\\/golf-du-belvedere-annecy-saint-martin-bellevue-haute-savoie\\\/contact\"},{\"@type\":\"ListItem\",\"position\":4,\"name\":\"Mentions l\u00e9gales\"}]},{\"@type\":\"WebSite\",\"@id\":\"https:\\\/\\\/www.golfdubelvedere.fr\\\/#website\",\"url\":\"https:\\\/\\\/www.golfdubelvedere.fr\\\/\",\"name\":\"Golf du Belv\u00e9d\u00e8re Annecy | Golf Lac Annecy | Golf 9 Trous en Haute Savoie\",\"description\":\"Un parcours de golf 9 trous avec practice proche d Annecy et de Gen\u00e8ve, au coeur du massif des Aravis\",\"publisher\":{\"@id\":\"https:\\\/\\\/www.golfdubelvedere.fr\\\/#organization\"},\"alternateName\":\"Golf du Belv\u00e9d\u00e8re Saint Martin Bellevue\",\"potentialAction\":[{\"@type\":\"SearchAction\",\"target\":{\"@type\":\"EntryPoint\",\"urlTemplate\":\"https:\\\/\\\/www.golfdubelvedere.fr\\\/?s={search_term_string}\"},\"query-input\":{\"@type\":\"PropertyValueSpecification\",\"valueRequired\":true,\"valueName\":\"search_term_string\"}}],\"inLanguage\":\"de\"},{\"@type\":\"Organization\",\"@id\":\"https:\\\/\\\/www.golfdubelvedere.fr\\\/#organization\",\"name\":\"Golf du Belv\u00e9d\u00e8re Annecy\",\"url\":\"https:\\\/\\\/www.golfdubelvedere.fr\\\/\",\"logo\":{\"@type\":\"ImageObject\",\"inLanguage\":\"de\",\"@id\":\"https:\\\/\\\/www.golfdubelvedere.fr\\\/#\\\/schema\\\/logo\\\/image\\\/\",\"url\":\"https:\\\/\\\/i0.wp.com\\\/www.golfdubelvedere.fr\\\/wp-content\\\/uploads\\\/2025\\\/04\\\/Copie-de-Logo-golf-du-belvedere.png?fit=512%2C512&ssl=1\",\"contentUrl\":\"https:\\\/\\\/i0.wp.com\\\/www.golfdubelvedere.fr\\\/wp-content\\\/uploads\\\/2025\\\/04\\\/Copie-de-Logo-golf-du-belvedere.png?fit=512%2C512&ssl=1\",\"width\":512,\"height\":512,\"caption\":\"Golf du Belv\u00e9d\u00e8re Annecy\"},\"image\":{\"@id\":\"https:\\\/\\\/www.golfdubelvedere.fr\\\/#\\\/schema\\\/logo\\\/image\\\/\"}},{\"@type\":\"Person\",\"@id\":\"https:\\\/\\\/www.golfdubelvedere.fr\\\/#\\\/schema\\\/person\\\/a48983d92b8315050c1f94f06d9d81fb\",\"name\":\"Alain\",\"image\":{\"@type\":\"ImageObject\",\"inLanguage\":\"de\",\"@id\":\"https:\\\/\\\/secure.gravatar.com\\\/avatar\\\/067a437fddcbc53fd0e05e015c1eabc752e24a9300f04756f5e01dc0a3d5500f?s=96&d=mm&r=g\",\"url\":\"https:\\\/\\\/secure.gravatar.com\\\/avatar\\\/067a437fddcbc53fd0e05e015c1eabc752e24a9300f04756f5e01dc0a3d5500f?s=96&d=mm&r=g\",\"contentUrl\":\"https:\\\/\\\/secure.gravatar.com\\\/avatar\\\/067a437fddcbc53fd0e05e015c1eabc752e24a9300f04756f5e01dc0a3d5500f?s=96&d=mm&r=g\",\"caption\":\"Alain\"}}]}<\/script>\n<!-- \/ Yoast SEO plugin. -->","yoast_head_json":{"title":"Mentions l\u00e9gales - Golf du Belv\u00e9d\u00e8re Annecy | Golf Lac Annecy | Practice &amp; Golf 9 Trous en Haute Savoie","robots":{"index":"noindex","follow":"nofollow"},"og_locale":"de_DE","og_type":"article","og_title":"Mentions l\u00e9gales - Golf du Belv\u00e9d\u00e8re Annecy | Golf Lac Annecy | Practice &amp; Golf 9 Trous en Haute Savoie","og_description":"Mentions l\u00e9gales Mentions l\u00e9gales En vigueur au 01\/03\/2022 Conform\u00e9ment aux dispositions des Articles 6-III et 19 de la Loi n\u00b02004-575 du 21 juin 2004 pour la Confiance dans l\u2019\u00e9conomie num\u00e9rique, dite L.C.E.N., il est port\u00e9 \u00e0 la connaissance des Utilisateurs du site https:\/\/www.golfdubelvedere.fr les pr\u00e9sentes mentions l\u00e9gales. La connexion et la navigation sur le site [&hellip;]","og_url":"https:\/\/www.golfdubelvedere.fr\/de\/golf-du-belvedere-annecy-saint-martin-bellevue-haute-savoie\/contact\/mentions-legales\/","og_site_name":"Golf du Belv\u00e9d\u00e8re Annecy | Golf Lac Annecy | Practice &amp; Golf 9 Trous en Haute Savoie","article_modified_time":"2026-03-31T16:29:37+00:00","og_image":[{"url":"https:\/\/www.golfdubelvedere.fr\/wp-content\/uploads\/2022\/05\/Golf-du-Belvedere-Vue-sur-le-green-du-trou-4-avec-golfeurs-2-1024x768.jpeg","type":"","width":"","height":""}],"twitter_card":"summary_large_image","schema":{"@context":"https:\/\/schema.org","@graph":[{"@type":"TechArticle","@id":"https:\/\/www.golfdubelvedere.fr\/golf-du-belvedere-annecy-saint-martin-bellevue-haute-savoie\/contact\/mentions-legales#article","isPartOf":{"@id":"https:\/\/www.golfdubelvedere.fr\/golf-du-belvedere-annecy-saint-martin-bellevue-haute-savoie\/contact\/mentions-legales"},"author":{"name":"Alain","@id":"https:\/\/www.golfdubelvedere.fr\/#\/schema\/person\/a48983d92b8315050c1f94f06d9d81fb"},"headline":"Mentions l\u00e9gales","datePublished":"2022-03-15T14:23:51+00:00","dateModified":"2026-03-31T16:29:37+00:00","mainEntityOfPage":{"@id":"https:\/\/www.golfdubelvedere.fr\/golf-du-belvedere-annecy-saint-martin-bellevue-haute-savoie\/contact\/mentions-legales"},"wordCount":412,"publisher":{"@id":"https:\/\/www.golfdubelvedere.fr\/#organization"},"image":{"@id":"https:\/\/www.golfdubelvedere.fr\/golf-du-belvedere-annecy-saint-martin-bellevue-haute-savoie\/contact\/mentions-legales#primaryimage"},"thumbnailUrl":"https:\/\/www.golfdubelvedere.fr\/wp-content\/uploads\/2022\/05\/Golf-du-Belvedere-Vue-sur-le-green-du-trou-4-avec-golfeurs-2-1024x768.jpeg","inLanguage":"de"},{"@type":"WebPage","@id":"https:\/\/www.golfdubelvedere.fr\/golf-du-belvedere-annecy-saint-martin-bellevue-haute-savoie\/contact\/mentions-legales","url":"https:\/\/www.golfdubelvedere.fr\/golf-du-belvedere-annecy-saint-martin-bellevue-haute-savoie\/contact\/mentions-legales","name":"Mentions l\u00e9gales - Golf du Belv\u00e9d\u00e8re Annecy | Golf Lac Annecy | Practice &amp; Golf 9 Trous en Haute Savoie","isPartOf":{"@id":"https:\/\/www.golfdubelvedere.fr\/#website"},"primaryImageOfPage":{"@id":"https:\/\/www.golfdubelvedere.fr\/golf-du-belvedere-annecy-saint-martin-bellevue-haute-savoie\/contact\/mentions-legales#primaryimage"},"image":{"@id":"https:\/\/www.golfdubelvedere.fr\/golf-du-belvedere-annecy-saint-martin-bellevue-haute-savoie\/contact\/mentions-legales#primaryimage"},"thumbnailUrl":"https:\/\/www.golfdubelvedere.fr\/wp-content\/uploads\/2022\/05\/Golf-du-Belvedere-Vue-sur-le-green-du-trou-4-avec-golfeurs-2-1024x768.jpeg","datePublished":"2022-03-15T14:23:51+00:00","dateModified":"2026-03-31T16:29:37+00:00","breadcrumb":{"@id":"https:\/\/www.golfdubelvedere.fr\/golf-du-belvedere-annecy-saint-martin-bellevue-haute-savoie\/contact\/mentions-legales#breadcrumb"},"inLanguage":"de","potentialAction":[{"@type":"ReadAction","target":["https:\/\/www.golfdubelvedere.fr\/golf-du-belvedere-annecy-saint-martin-bellevue-haute-savoie\/contact\/mentions-legales"]}]},{"@type":"ImageObject","inLanguage":"de","@id":"https:\/\/www.golfdubelvedere.fr\/golf-du-belvedere-annecy-saint-martin-bellevue-haute-savoie\/contact\/mentions-legales#primaryimage","url":"https:\/\/www.golfdubelvedere.fr\/wp-content\/uploads\/2022\/05\/Golf-du-Belvedere-Vue-sur-le-green-du-trou-4-avec-golfeurs-2-1024x768.jpeg","contentUrl":"https:\/\/www.golfdubelvedere.fr\/wp-content\/uploads\/2022\/05\/Golf-du-Belvedere-Vue-sur-le-green-du-trou-4-avec-golfeurs-2-1024x768.jpeg"},{"@type":"BreadcrumbList","@id":"https:\/\/www.golfdubelvedere.fr\/golf-du-belvedere-annecy-saint-martin-bellevue-haute-savoie\/contact\/mentions-legales#breadcrumb","itemListElement":[{"@type":"ListItem","position":1,"name":"Accueil","item":"https:\/\/www.golfdubelvedere.fr\/"},{"@type":"ListItem","position":2,"name":"Golf du Belv\u00e9d\u00e8re Annecy","item":"https:\/\/www.golfdubelvedere.fr\/"},{"@type":"ListItem","position":3,"name":"Contact","item":"https:\/\/www.golfdubelvedere.fr\/golf-du-belvedere-annecy-saint-martin-bellevue-haute-savoie\/contact"},{"@type":"ListItem","position":4,"name":"Mentions l\u00e9gales"}]},{"@type":"WebSite","@id":"https:\/\/www.golfdubelvedere.fr\/#website","url":"https:\/\/www.golfdubelvedere.fr\/","name":"Golf du Belv\u00e9d\u00e8re Annecy | Golf Lac Annecy | Golf 9 Trous en Haute Savoie","description":"Un parcours de golf 9 trous avec practice proche d Annecy et de Gen\u00e8ve, au coeur du massif des Aravis","publisher":{"@id":"https:\/\/www.golfdubelvedere.fr\/#organization"},"alternateName":"Golf du Belv\u00e9d\u00e8re Saint Martin Bellevue","potentialAction":[{"@type":"SearchAction","target":{"@type":"EntryPoint","urlTemplate":"https:\/\/www.golfdubelvedere.fr\/?s={search_term_string}"},"query-input":{"@type":"PropertyValueSpecification","valueRequired":true,"valueName":"search_term_string"}}],"inLanguage":"de"},{"@type":"Organization","@id":"https:\/\/www.golfdubelvedere.fr\/#organization","name":"Golfplatz Belv\u00e9d\u00e8re Annecy","url":"https:\/\/www.golfdubelvedere.fr\/","logo":{"@type":"ImageObject","inLanguage":"de","@id":"https:\/\/www.golfdubelvedere.fr\/#\/schema\/logo\/image\/","url":"https:\/\/i0.wp.com\/www.golfdubelvedere.fr\/wp-content\/uploads\/2025\/04\/Copie-de-Logo-golf-du-belvedere.png?fit=512%2C512&ssl=1","contentUrl":"https:\/\/i0.wp.com\/www.golfdubelvedere.fr\/wp-content\/uploads\/2025\/04\/Copie-de-Logo-golf-du-belvedere.png?fit=512%2C512&ssl=1","width":512,"height":512,"caption":"Golf du Belv\u00e9d\u00e8re Annecy"},"image":{"@id":"https:\/\/www.golfdubelvedere.fr\/#\/schema\/logo\/image\/"}},{"@type":"Person","@id":"https:\/\/www.golfdubelvedere.fr\/#\/schema\/person\/a48983d92b8315050c1f94f06d9d81fb","name":"Alain","image":{"@type":"ImageObject","inLanguage":"de","@id":"https:\/\/secure.gravatar.com\/avatar\/067a437fddcbc53fd0e05e015c1eabc752e24a9300f04756f5e01dc0a3d5500f?s=96&d=mm&r=g","url":"https:\/\/secure.gravatar.com\/avatar\/067a437fddcbc53fd0e05e015c1eabc752e24a9300f04756f5e01dc0a3d5500f?s=96&d=mm&r=g","contentUrl":"https:\/\/secure.gravatar.com\/avatar\/067a437fddcbc53fd0e05e015c1eabc752e24a9300f04756f5e01dc0a3d5500f?s=96&d=mm&r=g","caption":"Alain"}}]}},"jetpack_sharing_enabled":true,"_links":{"self":[{"href":"https:\/\/www.golfdubelvedere.fr\/de\/wp-json\/wp\/v2\/pages\/2530","targetHints":{"allow":["GET"]}}],"collection":[{"href":"https:\/\/www.golfdubelvedere.fr\/de\/wp-json\/wp\/v2\/pages"}],"about":[{"href":"https:\/\/www.golfdubelvedere.fr\/de\/wp-json\/wp\/v2\/types\/page"}],"author":[{"embeddable":true,"href":"https:\/\/www.golfdubelvedere.fr\/de\/wp-json\/wp\/v2\/users\/5"}],"replies":[{"embeddable":true,"href":"https:\/\/www.golfdubelvedere.fr\/de\/wp-json\/wp\/v2\/comments?post=2530"}],"version-history":[{"count":0,"href":"https:\/\/www.golfdubelvedere.fr\/de\/wp-json\/wp\/v2\/pages\/2530\/revisions"}],"up":[{"embeddable":true,"href":"https:\/\/www.golfdubelvedere.fr\/de\/wp-json\/wp\/v2\/pages\/14"}],"wp:attachment":[{"href":"https:\/\/www.golfdubelvedere.fr\/de\/wp-json\/wp\/v2\/media?parent=2530"}],"curies":[{"name":"wp","href":"https:\/\/api.w.org\/{rel}","templated":true}]}}